{"id":1836,"date":"2012-11-22T08:26:41","date_gmt":"2012-11-22T07:26:41","guid":{"rendered":"http:\/\/www.tacoandco.fr\/?page_id=1836"},"modified":"2025-09-08T09:56:00","modified_gmt":"2025-09-08T07:56:00","slug":"consigne-a-bagages-arles-gare-sncf-et-gare-routiere","status":"publish","type":"page","link":"https:\/\/www.tacoandco.fr\/en\/consigne-a-bagages-arles-gare-sncf-et-gare-routiere\/","title":{"rendered":"Consigne \u00e0 bagages Arles gare sncf et gare routi\u00e8re"},"content":{"rendered":"<div data-elementor-type=\"wp-page\" data-elementor-id=\"1836\" class=\"elementor elementor-1836\" data-elementor-post-type=\"page\">\n\t\t\t\t\t\t<section class=\"elementor-section elementor-top-section elementor-element elementor-element-aa1ef58 elementor-section-full_width elementor-section-height-default elementor-section-height-default\" data-id=\"aa1ef58\" data-element_type=\"section\">\n\t\t\t\t\t\t<div class=\"elementor-container elementor-column-gap-default\">\n\t\t\t\t\t<div class=\"elementor-column elementor-col-100 elementor-top-column elementor-element elementor-element-cea469c\" data-id=\"cea469c\" data-element_type=\"column\">\n\t\t\t<div class=\"elementor-widget-wrap elementor-element-populated\">\n\t\t\t\t\t\t<div class=\"elementor-element elementor-element-5358b73 h1style elementor-invisible elementor-widget elementor-widget-heading\" data-id=\"5358b73\" data-element_type=\"widget\" data-settings=\"{&quot;_animation&quot;:&quot;fadeInUp&quot;}\" data-widget_type=\"heading.default\">\n\t\t\t\t<div class=\"elementor-widget-container\">\n\t\t\t\t\t<h1 class=\"elementor-heading-title elementor-size-default\">Consigne \u00e0 bagages<\/h1>\t\t\t\t<\/div>\n\t\t\t\t<\/div>\n\t\t\t\t\t<\/div>\n\t\t<\/div>\n\t\t\t\t\t<\/div>\n\t\t<\/section>\n\t\t\t\t<section class=\"elementor-section elementor-top-section elementor-element elementor-element-6bb1ded elementor-section-full_width elementor-section-height-default elementor-section-height-default\" data-id=\"6bb1ded\" data-element_type=\"section\">\n\t\t\t\t\t\t<div class=\"elementor-container elementor-column-gap-default\">\n\t\t\t\t\t<div class=\"elementor-column elementor-col-100 elementor-top-column elementor-element elementor-element-8640e84\" data-id=\"8640e84\" data-element_type=\"column\">\n\t\t\t<div class=\"elementor-widget-wrap elementor-element-populated\">\n\t\t\t\t\t\t<div class=\"elementor-element elementor-element-c18edc5 elementor--h-position-center elementor--v-position-middle elementor-arrows-position-inside elementor-pagination-position-inside elementor-widget elementor-widget-slides\" data-id=\"c18edc5\" data-element_type=\"widget\" data-settings=\"{&quot;navigation&quot;:&quot;both&quot;,&quot;autoplay&quot;:&quot;yes&quot;,&quot;pause_on_hover&quot;:&quot;yes&quot;,&quot;pause_on_interaction&quot;:&quot;yes&quot;,&quot;autoplay_speed&quot;:5000,&quot;infinite&quot;:&quot;yes&quot;,&quot;transition&quot;:&quot;slide&quot;,&quot;transition_speed&quot;:500}\" data-widget_type=\"slides.default\">\n\t\t\t\t<div class=\"elementor-widget-container\">\n\t\t\t\t\t\t\t\t\t<div class=\"elementor-swiper\">\n\t\t\t\t\t<div class=\"elementor-slides-wrapper elementor-main-swiper swiper\" role=\"region\" aria-roledescription=\"carousel\" aria-label=\"Slides\" dir=\"ltr\" data-animation=\"fadeInUp\" data-no-translation-aria-label=\"\">\n\t\t\t\t<div class=\"swiper-wrapper elementor-slides\">\n\t\t\t\t\t\t\t\t\t\t<div class=\"elementor-repeater-item-dd3d10a swiper-slide\" role=\"group\" aria-roledescription=\"slide\"><div class=\"swiper-slide-bg\" role=\"img\" aria-label=\"Photo_Visiter_Arles_Taco_Co_42\"><\/div><div class=\"swiper-slide-inner\" ><div class=\"swiper-slide-contents\"><\/div><\/div><\/div><div class=\"elementor-repeater-item-e387434 swiper-slide\" role=\"group\" aria-roledescription=\"slide\"><div class=\"swiper-slide-bg\" role=\"img\" aria-label=\"Taco_selection-1\"><\/div><div class=\"swiper-slide-inner\" ><div class=\"swiper-slide-contents\"><\/div><\/div><\/div><div class=\"elementor-repeater-item-ad551ea swiper-slide\" role=\"group\" aria-roledescription=\"slide\"><div class=\"swiper-slide-bg\" role=\"img\" aria-label=\"Photo local (1)\"><\/div><div class=\"swiper-slide-inner\" ><div class=\"swiper-slide-contents\"><\/div><\/div><\/div>\t\t\t\t<\/div>\n\t\t\t\t\t\t\t\t\t\t\t\t\t\t\t<div class=\"elementor-swiper-button elementor-swiper-button-prev\" role=\"button\" tabindex=\"0\" aria-label=\"Previous slide\" data-no-translation-aria-label=\"\">\n\t\t\t\t\t\t\t<i aria-hidden=\"true\" class=\"eicon-chevron-left\"><\/i>\t\t\t\t\t\t<\/div>\n\t\t\t\t\t\t<div class=\"elementor-swiper-button elementor-swiper-button-next\" role=\"button\" tabindex=\"0\" aria-label=\"Next slide\" data-no-translation-aria-label=\"\">\n\t\t\t\t\t\t\t<i aria-hidden=\"true\" class=\"eicon-chevron-right\"><\/i>\t\t\t\t\t\t<\/div>\n\t\t\t\t\t\t\t\t\t\t\t\t\t\t\t\t<div class=\"swiper-pagination\"><\/div>\n\t\t\t\t\t\t\t\t\t\t\t\t<\/div>\n\t\t\t\t<\/div>\n\t\t\t\t\t\t\t\t<\/div>\n\t\t\t\t<\/div>\n\t\t\t\t\t<\/div>\n\t\t<\/div>\n\t\t\t\t\t<\/div>\n\t\t<\/section>\n\t\t\t\t<section class=\"elementor-section elementor-top-section elementor-element elementor-element-6b3091a5 elementor-section-boxed elementor-section-height-default elementor-section-height-default\" data-id=\"6b3091a5\" data-element_type=\"section\">\n\t\t\t\t\t\t<div class=\"elementor-container elementor-column-gap-default\">\n\t\t\t\t\t<div class=\"elementor-column elementor-col-100 elementor-top-column elementor-element elementor-element-4a4a9ec6\" data-id=\"4a4a9ec6\" data-element_type=\"column\">\n\t\t\t<div class=\"elementor-widget-wrap elementor-element-populated\">\n\t\t\t\t\t\t<div class=\"elementor-element elementor-element-4305f291 elementor-widget elementor-widget-text-editor\" data-id=\"4305f291\" data-element_type=\"widget\" data-widget_type=\"text-editor.default\">\n\t\t\t\t<div class=\"elementor-widget-container\">\n\t\t\t\t\t\t\t\t\t<p class=\"translation-block\">A luggage storage service is available at Taco and Co premises on Avenue Paulin Talabot, opposite Arles train station.<\/p><p>A votre sortie de la <strong>gare SNCF d&rsquo;Arles<\/strong>, nos locaux, ancienne <strong>gare routi\u00e8re<\/strong>, sont situ\u00e9s en face de vous, \u00e0 20 m\u00e8tres sur le parking.<\/p><p><strong>Arles luggage storage is open:<\/strong><\/p><p>\u2013 D\u00e9but Septembre \u00e0 mi-Avril: du lundi au samedi de 9h \u00e0 18h<br \/>\u2013 mi-Avril \u00e0 fin ao\u00fbt: tous les jours de 8h30 \u00e0 19h<\/p><p>You can drop off your luggage, suitcases, bicycles, strollers or other bulky personal effects to enjoy your visit in Arles. <strong>d\u00e9poser vos bagages<\/strong>, valises, \u00a0v\u00e9los, \u00a0poussettes ou autres effets personnels encombrants, pour profiter de votre <strong>visite d&rsquo;Arles<\/strong>.<\/p><p>Tarifs pour 24h:\u00a0 5\u20ac\/ 7\u20ac\/10\u20ac selon la taille du bagage. +3\u20ac pour tout rajout<\/p><p>Consigne v\u00e9lo: 10\u20ac\/24h (recharge de vos v\u00e9los \u00e9lectriques possible durant le temps de la mise en consigne)<\/p><p>All useful information\u00a0on <a title=\"www.visiterarles.com\" href=\"http:\/\/www.visiterarles.com\" target=\"_blank\" rel=\"noopener\">www.visiterarles.com<\/a><\/p>\t\t\t\t\t\t\t\t<\/div>\n\t\t\t\t<\/div>\n\t\t\t\t\t<\/div>\n\t\t<\/div>\n\t\t\t\t\t<\/div>\n\t\t<\/section>\n\t\t\t\t<\/div>","protected":false},"excerpt":{"rendered":"<p>Consigne \u00e0 bagages Diapositive pr\u00e9c\u00e9dente Diapositive suivante Une consigne \u00e0 bagages en gare SNCF d&rsquo;Arles est \u00e0 votre disposition dans les locaux de Taco and Co sur l&rsquo;avenue Paulin Talabot. A votre sortie de la gare SNCF d&rsquo;Arles, nos locaux, ancienne gare routi\u00e8re, sont situ\u00e9s en face de vous, \u00e0 20 m\u00e8tres sur le parking. [&hellip;]<\/p>","protected":false},"author":1,"featured_media":0,"parent":0,"menu_order":0,"comment_status":"closed","ping_status":"closed","template":"elementor_header_footer","meta":{"footnotes":""},"class_list":["post-1836","page","type-page","status-publish","hentry","entry"],"aioseo_notices":[],"_links":{"self":[{"href":"https:\/\/www.tacoandco.fr\/en\/wp-json\/wp\/v2\/pages\/1836","targetHints":{"allow":["GET"]}}],"collection":[{"href":"https:\/\/www.tacoandco.fr\/en\/wp-json\/wp\/v2\/pages"}],"about":[{"href":"https:\/\/www.tacoandco.fr\/en\/wp-json\/wp\/v2\/types\/page"}],"author":[{"embeddable":true,"href":"https:\/\/www.tacoandco.fr\/en\/wp-json\/wp\/v2\/users\/1"}],"replies":[{"embeddable":true,"href":"https:\/\/www.tacoandco.fr\/en\/wp-json\/wp\/v2\/comments?post=1836"}],"version-history":[{"count":54,"href":"https:\/\/www.tacoandco.fr\/en\/wp-json\/wp\/v2\/pages\/1836\/revisions"}],"predecessor-version":[{"id":9229,"href":"https:\/\/www.tacoandco.fr\/en\/wp-json\/wp\/v2\/pages\/1836\/revisions\/9229"}],"wp:attachment":[{"href":"https:\/\/www.tacoandco.fr\/en\/wp-json\/wp\/v2\/media?parent=1836"}],"curies":[{"name":"wp","href":"https:\/\/api.w.org\/{rel}","templated":true}]}}