{"id":1839,"date":"2012-11-22T08:31:13","date_gmt":"2012-11-22T07:31:13","guid":{"rendered":"http:\/\/www.tacoandco.fr\/?page_id=1839"},"modified":"2026-03-30T09:43:36","modified_gmt":"2026-03-30T07:43:36","slug":"location-velo-arles-centre-gare-sncf","status":"publish","type":"page","link":"https:\/\/www.tacoandco.fr\/en\/location-velo-arles-centre-gare-sncf\/","title":{"rendered":"Location v\u00e9lo Arles centre gare SNCF"},"content":{"rendered":"<div data-elementor-type=\"wp-page\" data-elementor-id=\"1839\" class=\"elementor elementor-1839\" data-elementor-post-type=\"page\">\n\t\t\t\t\t\t<section class=\"elementor-section elementor-top-section elementor-element elementor-element-0312030 elementor-section-boxed elementor-section-height-default elementor-section-height-default\" data-id=\"0312030\" data-element_type=\"section\">\n\t\t\t\t\t\t<div class=\"elementor-container elementor-column-gap-default\">\n\t\t\t\t\t<div class=\"elementor-column elementor-col-100 elementor-top-column elementor-element elementor-element-abdff92\" data-id=\"abdff92\" data-element_type=\"column\">\n\t\t\t<div class=\"elementor-widget-wrap elementor-element-populated\">\n\t\t\t\t\t\t<div class=\"elementor-element elementor-element-e4a5989 h1style elementor-invisible elementor-widget elementor-widget-heading\" data-id=\"e4a5989\" data-element_type=\"widget\" data-settings=\"{&quot;_animation&quot;:&quot;fadeInUp&quot;}\" data-widget_type=\"heading.default\">\n\t\t\t\t<div class=\"elementor-widget-container\">\n\t\t\t\t\t<h2 class=\"elementor-heading-title elementor-size-default\">Locations de v\u00e9los<\/h2>\t\t\t\t<\/div>\n\t\t\t\t<\/div>\n\t\t\t\t<div class=\"elementor-element elementor-element-0768604 elementor-widget elementor-widget-html\" data-id=\"0768604\" data-element_type=\"widget\" data-widget_type=\"html.default\">\n\t\t\t\t<div class=\"elementor-widget-container\">\n\t\t\t\t\t<div style=\"position: fixed;  bottom:  6rem;  left: 0.5rem;  width: 30%;  max-width: 200px;  min-width: 175px;  height: 90px;  z-index: 200000;  background-color: white;  border-radius: 10px;  box-shadow: 0px 0px 30px rgba(48, 35, 173, 0.15);  padding: 10px 10px;  text-align: center;   line-height: 24px;  display: flex;  justify-content: space-between;  flex-direction: column;  font-family: 'Rubik', 'Helvetica', 'sans-serif'\"\r\n>\r\n  <span style=\"color: #8D8AAB;  font-weight: 500;  border-bottom: 1px solid #E9E7FA;  padding-bottom: 6px;font-size: 16px\"> RESERVEZ EN LIGNE <\/span>\r\n  <a style=\"width: 100%;  padding: 9px 0px;  border-radius: 5px;  box-shadow: rgba(48, 35, 173, 0.13) 2px 2px 6px 0px;  background-color: #3023ad;  border: none;  overflow: hidden;  text-decoration: none;  color: white;  font-weight: 500;  line-height: 20px;  font-size: 16px;\"    href=\"https:\/\/tacoandco.lokki.rent\/\" target=\"_blank\">\r\n    Bicycle rental\r\n  <\/a>\r\n\r\n<\/div>\t\t\t\t<\/div>\n\t\t\t\t<\/div>\n\t\t\t\t\t<\/div>\n\t\t<\/div>\n\t\t\t\t\t<\/div>\n\t\t<\/section>\n\t\t\t\t<section class=\"elementor-section elementor-top-section elementor-element elementor-element-d6cffe4 elementor-section-boxed elementor-section-height-default elementor-section-height-default\" data-id=\"d6cffe4\" data-element_type=\"section\">\n\t\t\t\t\t\t<div class=\"elementor-container elementor-column-gap-default\">\n\t\t\t\t\t<div class=\"elementor-column elementor-col-100 elementor-top-column elementor-element elementor-element-59f2c2e\" data-id=\"59f2c2e\" data-element_type=\"column\">\n\t\t\t<div class=\"elementor-widget-wrap elementor-element-populated\">\n\t\t\t\t\t\t<div class=\"elementor-element elementor-element-ff17f98 elementor-widget elementor-widget-video\" data-id=\"ff17f98\" data-element_type=\"widget\" data-settings=\"{&quot;youtube_url&quot;:&quot;https:\\\/\\\/youtu.be\\\/STATf3RAfNQ&quot;,&quot;video_type&quot;:&quot;youtube&quot;,&quot;controls&quot;:&quot;yes&quot;}\" data-widget_type=\"video.default\">\n\t\t\t\t<div class=\"elementor-widget-container\">\n\t\t\t\t\t\t\t<div class=\"elementor-wrapper elementor-open-inline\">\n\t\t\t<div class=\"elementor-video\"><\/div>\t\t<\/div>\n\t\t\t\t\t\t<\/div>\n\t\t\t\t<\/div>\n\t\t\t\t\t<\/div>\n\t\t<\/div>\n\t\t\t\t\t<\/div>\n\t\t<\/section>\n\t\t\t\t<section class=\"elementor-section elementor-top-section elementor-element elementor-element-5f366076 elementor-section-boxed elementor-section-height-default elementor-section-height-default\" data-id=\"5f366076\" data-element_type=\"section\">\n\t\t\t\t\t\t<div class=\"elementor-container elementor-column-gap-default\">\n\t\t\t\t\t<div class=\"elementor-column elementor-col-100 elementor-top-column elementor-element elementor-element-970d736\" data-id=\"970d736\" data-element_type=\"column\">\n\t\t\t<div class=\"elementor-widget-wrap elementor-element-populated\">\n\t\t\t\t\t\t<div class=\"elementor-element elementor-element-38489f0 elementor-arrows-position-outside elementor-pagination-position-outside elementor-widget elementor-widget-image-carousel\" data-id=\"38489f0\" data-element_type=\"widget\" data-settings=\"{&quot;slides_to_show&quot;:&quot;1&quot;,&quot;navigation&quot;:&quot;both&quot;,&quot;autoplay&quot;:&quot;yes&quot;,&quot;pause_on_hover&quot;:&quot;yes&quot;,&quot;pause_on_interaction&quot;:&quot;yes&quot;,&quot;autoplay_speed&quot;:5000,&quot;infinite&quot;:&quot;yes&quot;,&quot;effect&quot;:&quot;slide&quot;,&quot;speed&quot;:500}\" data-widget_type=\"image-carousel.default\">\n\t\t\t\t<div class=\"elementor-widget-container\">\n\t\t\t\t\t\t\t<div class=\"elementor-image-carousel-wrapper swiper\" role=\"region\" aria-roledescription=\"carousel\" aria-label=\"Carrousel d\u2019images\" dir=\"ltr\">\n\t\t\t<div class=\"elementor-image-carousel swiper-wrapper\" aria-live=\"off\">\n\t\t\t\t\t\t\t\t<div class=\"swiper-slide\" role=\"group\" aria-roledescription=\"slide\" aria-label=\"1 sur 10\"><figure class=\"swiper-slide-inner\"><img decoding=\"async\" class=\"swiper-slide-image\" src=\"https:\/\/www.tacoandco.fr\/wp-content\/uploads\/2021\/05\/location-velo-arles-2.jpg\" alt=\"location v\u00e9lo arles (2)\" \/><\/figure><\/div><div class=\"swiper-slide\" role=\"group\" aria-roledescription=\"slide\" aria-label=\"2 sur 10\"><figure class=\"swiper-slide-inner\"><img decoding=\"async\" class=\"swiper-slide-image\" src=\"https:\/\/www.tacoandco.fr\/wp-content\/uploads\/2021\/05\/location-velo-arles-1.jpg\" alt=\"location v\u00e9lo arles (1)\" \/><\/figure><\/div><div class=\"swiper-slide\" role=\"group\" aria-roledescription=\"slide\" aria-label=\"3 sur 10\"><figure class=\"swiper-slide-inner\"><img decoding=\"async\" class=\"swiper-slide-image\" src=\"https:\/\/www.tacoandco.fr\/wp-content\/uploads\/2021\/03\/Nouveaux-velo-1.jpg\" alt=\"Nouveaux v\u00e9lo (1)\" \/><\/figure><\/div><div class=\"swiper-slide\" role=\"group\" aria-roledescription=\"slide\" aria-label=\"4 sur 10\"><figure class=\"swiper-slide-inner\"><img decoding=\"async\" class=\"swiper-slide-image\" src=\"https:\/\/www.tacoandco.fr\/wp-content\/uploads\/2021\/03\/Nouveaux-velo-2.jpg\" alt=\"Nouveaux v\u00e9lo (2)\" \/><\/figure><\/div><div class=\"swiper-slide\" role=\"group\" aria-roledescription=\"slide\" aria-label=\"5 sur 10\"><figure class=\"swiper-slide-inner\"><img decoding=\"async\" class=\"swiper-slide-image\" src=\"https:\/\/www.tacoandco.fr\/wp-content\/uploads\/2021\/03\/Nouveaux-velos-1.jpg\" alt=\"Nouveaux v\u00e9los (1)\" \/><\/figure><\/div><div class=\"swiper-slide\" role=\"group\" aria-roledescription=\"slide\" aria-label=\"6 sur 10\"><figure class=\"swiper-slide-inner\"><img decoding=\"async\" class=\"swiper-slide-image\" src=\"https:\/\/www.tacoandco.fr\/wp-content\/uploads\/2021\/03\/Nouveaux-velos-2.jpg\" alt=\"Nouveaux v\u00e9los (2)\" \/><\/figure><\/div><div class=\"swiper-slide\" role=\"group\" aria-roledescription=\"slide\" aria-label=\"7 sur 10\"><figure class=\"swiper-slide-inner\"><img decoding=\"async\" class=\"swiper-slide-image\" src=\"https:\/\/www.tacoandco.fr\/wp-content\/uploads\/2021\/03\/Nouveaux-velos-4.jpg\" alt=\"Nouveaux v\u00e9los (4)\" \/><\/figure><\/div><div class=\"swiper-slide\" role=\"group\" aria-roledescription=\"slide\" aria-label=\"8 sur 10\"><figure class=\"swiper-slide-inner\"><img decoding=\"async\" class=\"swiper-slide-image\" src=\"https:\/\/www.tacoandco.fr\/wp-content\/uploads\/2021\/03\/Nouveaux-velos-5.jpg\" alt=\"Nouveaux v\u00e9los (5)\" \/><\/figure><\/div><div class=\"swiper-slide\" role=\"group\" aria-roledescription=\"slide\" aria-label=\"9 sur 10\"><figure class=\"swiper-slide-inner\"><img decoding=\"async\" class=\"swiper-slide-image\" src=\"https:\/\/www.tacoandco.fr\/wp-content\/uploads\/2021\/03\/Nouveaux-velos-6.jpg\" alt=\"Nouveaux v\u00e9los (6)\" \/><\/figure><\/div><div class=\"swiper-slide\" role=\"group\" aria-roledescription=\"slide\" aria-label=\"10 sur 10\"><figure class=\"swiper-slide-inner\"><img decoding=\"async\" class=\"swiper-slide-image\" src=\"https:\/\/www.tacoandco.fr\/wp-content\/uploads\/2021\/03\/Accessoires-velo.jpg\" alt=\"Accessoires v\u00e9lo\" \/><\/figure><\/div>\t\t\t<\/div>\n\t\t\t\t\t\t\t\t\t\t\t\t<div class=\"elementor-swiper-button elementor-swiper-button-prev\" role=\"button\" tabindex=\"0\">\n\t\t\t\t\t\t<i aria-hidden=\"true\" class=\"eicon-chevron-left\"><\/i>\t\t\t\t\t<\/div>\n\t\t\t\t\t<div class=\"elementor-swiper-button elementor-swiper-button-next\" role=\"button\" tabindex=\"0\">\n\t\t\t\t\t\t<i aria-hidden=\"true\" class=\"eicon-chevron-right\"><\/i>\t\t\t\t\t<\/div>\n\t\t\t\t\n\t\t\t\t\t\t\t\t\t<div class=\"swiper-pagination\"><\/div>\n\t\t\t\t\t\t\t\t\t<\/div>\n\t\t\t\t\t\t<\/div>\n\t\t\t\t<\/div>\n\t\t\t\t<section class=\"elementor-section elementor-inner-section elementor-element elementor-element-5cfd5e8 elementor-section-boxed elementor-section-height-default elementor-section-height-default\" data-id=\"5cfd5e8\" data-element_type=\"section\">\n\t\t\t\t\t\t<div class=\"elementor-container elementor-column-gap-default\">\n\t\t\t\t\t<div class=\"elementor-column elementor-col-100 elementor-inner-column elementor-element elementor-element-05de8dd\" data-id=\"05de8dd\" data-element_type=\"column\">\n\t\t\t<div class=\"elementor-widget-wrap elementor-element-populated\">\n\t\t\t\t\t\t<div class=\"elementor-element elementor-element-48a6958f elementor-widget elementor-widget-text-editor\" data-id=\"48a6958f\" data-element_type=\"widget\" data-widget_type=\"text-editor.default\">\n\t\t\t\t<div class=\"elementor-widget-container\">\n\t\t\t\t\t\t\t\t\t<p><strong>Bicycle rental in Arles train station<\/strong> in Taco and Co<strong> Taco and Co<\/strong> \u00a0located at <strong>Arles bus station<\/strong> opposite to the train station and a few minutes from the old center of Arles.<\/p><p>Once you arrive at the station,<strong> come and rent your mountain bike, city bike, vintage bike\u00a0<\/strong><b>\u00a0or your electric bike\u2026<\/b><span style=\"font-size: 16px;\">an ideal solution to discover the city.<\/span><\/p><p class=\"translation-block\">Taco and Co offers a wide range of bikes to rent for an afternoon, a day or a week.<\/p><p class=\"translation-block\">From the Van Gogh bridge to the museum of antic Arles, passing by the banks of the Rh\u00f4ne and the pedestrians streets, discover Arles at your own pace thanks to our bikes.<\/p>\t\t\t\t\t\t\t\t<\/div>\n\t\t\t\t<\/div>\n\t\t\t\t<div class=\"elementor-element elementor-element-d55963b elementor-align-center elementor-widget elementor-widget-button\" data-id=\"d55963b\" data-element_type=\"widget\" data-widget_type=\"button.default\">\n\t\t\t\t<div class=\"elementor-widget-container\">\n\t\t\t\t\t\t\t\t\t<div class=\"elementor-button-wrapper\">\n\t\t\t\t\t<a class=\"elementor-button elementor-button-link elementor-size-sm\" href=\"https:\/\/tacoandco.lokki.rent\/fr\" target=\"_blank\" rel=\"nofollow\">\n\t\t\t\t\t\t<span class=\"elementor-button-content-wrapper\">\n\t\t\t\t\t\t<span class=\"elementor-button-icon\">\n\t\t\t\t<i aria-hidden=\"true\" class=\"far fa-arrow-alt-circle-right\"><\/i>\t\t\t<\/span>\n\t\t\t\t\t\t\t\t\t<span class=\"elementor-button-text\">Check out our rates<\/span>\n\t\t\t\t\t<\/span>\n\t\t\t\t\t<\/a>\n\t\t\t\t<\/div>\n\t\t\t\t\t\t\t\t<\/div>\n\t\t\t\t<\/div>\n\t\t\t\t<div class=\"elementor-element elementor-element-377cfab elementor-widget elementor-widget-text-editor\" data-id=\"377cfab\" data-element_type=\"widget\" data-widget_type=\"text-editor.default\">\n\t\t\t\t<div class=\"elementor-widget-container\">\n\t\t\t\t\t\t\t\t\t<p><u>Helmet is mandatory for children under 12 years old.<\/u><\/p>\t\t\t\t\t\t\t\t<\/div>\n\t\t\t\t<\/div>\n\t\t\t\t<div class=\"elementor-element elementor-element-1a023f4 elementor-widget elementor-widget-text-editor\" data-id=\"1a023f4\" data-element_type=\"widget\" data-widget_type=\"text-editor.default\">\n\t\t\t\t<div class=\"elementor-widget-container\">\n\t\t\t\t\t\t\t\t\t<p style=\"text-align: center;\" class=\"translation-block\">You\u2019ll find all the useful information on our website dedicated to tourists: www.visiterarles.com<\/p>\n<p style=\"text-align: center;\">\u00a0To go further in our sustainable development approach, our basic bikes are recovery bikes put back into circulation after being restored. Please find below the different bikes we rent.<\/p>\t\t\t\t\t\t\t\t<\/div>\n\t\t\t\t<\/div>\n\t\t\t\t<div class=\"elementor-element elementor-element-0fdff7e elementor-align-center elementor-widget elementor-widget-button\" data-id=\"0fdff7e\" data-element_type=\"widget\" data-widget_type=\"button.default\">\n\t\t\t\t<div class=\"elementor-widget-container\">\n\t\t\t\t\t\t\t\t\t<div class=\"elementor-button-wrapper\">\n\t\t\t\t\t<a class=\"elementor-button elementor-button-link elementor-size-sm\" href=\"#\" id=\"balades\">\n\t\t\t\t\t\t<span class=\"elementor-button-content-wrapper\">\n\t\t\t\t\t\t<span class=\"elementor-button-icon\">\n\t\t\t\t<i aria-hidden=\"true\" class=\"far fa-arrow-alt-circle-right\"><\/i>\t\t\t<\/span>\n\t\t\t\t\t\t\t\t\t<span class=\"elementor-button-text\">Check out our bike rides<\/span>\n\t\t\t\t\t<\/span>\n\t\t\t\t\t<\/a>\n\t\t\t\t<\/div>\n\t\t\t\t\t\t\t\t<\/div>\n\t\t\t\t<\/div>\n\t\t\t\t\t<\/div>\n\t\t<\/div>\n\t\t\t\t\t<\/div>\n\t\t<\/section>\n\t\t\t\t\t<\/div>\n\t\t<\/div>\n\t\t\t\t\t<\/div>\n\t\t<\/section>\n\t\t\t\t<section class=\"elementor-section elementor-top-section elementor-element elementor-element-1e45f46 elementor-section-boxed elementor-section-height-default elementor-section-height-default\" data-id=\"1e45f46\" data-element_type=\"section\">\n\t\t\t\t\t\t<div class=\"elementor-container elementor-column-gap-default\">\n\t\t\t\t\t<div class=\"elementor-column elementor-col-100 elementor-top-column elementor-element elementor-element-3c1fa86\" data-id=\"3c1fa86\" data-element_type=\"column\">\n\t\t\t<div class=\"elementor-widget-wrap elementor-element-populated\">\n\t\t\t\t\t\t<section class=\"elementor-section elementor-inner-section elementor-element elementor-element-b342199 elementor-section-boxed elementor-section-height-default elementor-section-height-default\" data-id=\"b342199\" data-element_type=\"section\">\n\t\t\t\t\t\t<div class=\"elementor-container elementor-column-gap-default\">\n\t\t\t\t\t<div class=\"elementor-column elementor-col-50 elementor-inner-column elementor-element elementor-element-6506dcd\" data-id=\"6506dcd\" data-element_type=\"column\">\n\t\t\t<div class=\"elementor-widget-wrap elementor-element-populated\">\n\t\t\t\t\t\t<div class=\"elementor-element elementor-element-52c86f0 elementor-widget elementor-widget-heading\" data-id=\"52c86f0\" data-element_type=\"widget\" data-widget_type=\"heading.default\">\n\t\t\t\t<div class=\"elementor-widget-container\">\n\t\t\t\t\t<h3 class=\"elementor-heading-title elementor-size-default\">Taco&amp;Co fait maintenant partie du collectif  Accueil V\u00e9lo !<\/h3>\t\t\t\t<\/div>\n\t\t\t\t<\/div>\n\t\t\t\t<div class=\"elementor-element elementor-element-aa87713 elementor-widget elementor-widget-text-editor\" data-id=\"aa87713\" data-element_type=\"widget\" data-widget_type=\"text-editor.default\">\n\t\t\t\t<div class=\"elementor-widget-container\">\n\t\t\t\t\t\t\t\t\tAccueil V\u00e9lo est une marque nationale qui garantit un accueil et des services de qualit\u00e9 le long des itin\u00e9raires cyclables pour les cyclistes en itin\u00e9rance.\t\t\t\t\t\t\t\t<\/div>\n\t\t\t\t<\/div>\n\t\t\t\t\t<\/div>\n\t\t<\/div>\n\t\t\t\t<div class=\"elementor-column elementor-col-50 elementor-inner-column elementor-element elementor-element-1356dbd\" data-id=\"1356dbd\" data-element_type=\"column\">\n\t\t\t<div class=\"elementor-widget-wrap elementor-element-populated\">\n\t\t\t\t\t\t<div class=\"elementor-element elementor-element-6d0d0da elementor-widget elementor-widget-image\" data-id=\"6d0d0da\" data-element_type=\"widget\" data-widget_type=\"image.default\">\n\t\t\t\t<div class=\"elementor-widget-container\">\n\t\t\t\t\t\t\t\t\t\t\t\t\t\t\t<img decoding=\"async\" width=\"170\" height=\"227\" src=\"https:\/\/www.tacoandco.fr\/wp-content\/uploads\/2023\/02\/accueil-velo.jpeg\" class=\"attachment-large size-large wp-image-7674\" alt=\"\" srcset=\"https:\/\/www.tacoandco.fr\/wp-content\/uploads\/2023\/02\/accueil-velo.jpeg 170w, https:\/\/www.tacoandco.fr\/wp-content\/uploads\/2023\/02\/accueil-velo-9x12.jpeg 9w\" sizes=\"(max-width: 170px) 100vw, 170px\" \/>\t\t\t\t\t\t\t\t\t\t\t\t\t\t\t<\/div>\n\t\t\t\t<\/div>\n\t\t\t\t\t<\/div>\n\t\t<\/div>\n\t\t\t\t\t<\/div>\n\t\t<\/section>\n\t\t\t\t\t<\/div>\n\t\t<\/div>\n\t\t\t\t\t<\/div>\n\t\t<\/section>\n\t\t\t\t<\/div>","protected":false},"excerpt":{"rendered":"<p>Locations de v\u00e9los RESERVEZ EN LIGNE Location de v\u00e9los Location de v\u00e9los en gare sncf d&rsquo;Arles dans les locaux de Taco and Co \u00a0situ\u00e9s \u00e0 la gare routi\u00e8re d&rsquo;Arles en face de la gare sncf et \u00e0 quelques minutes du centre ancien d&rsquo;Arles. D\u00e8s votre arriv\u00e9e sur Arles par le train, venez louer votre vtt, [&hellip;]<\/p>","protected":false},"author":1,"featured_media":0,"parent":0,"menu_order":0,"comment_status":"closed","ping_status":"closed","template":"elementor_header_footer","meta":{"footnotes":""},"class_list":["post-1839","page","type-page","status-publish","hentry","entry"],"aioseo_notices":[],"_links":{"self":[{"href":"https:\/\/www.tacoandco.fr\/en\/wp-json\/wp\/v2\/pages\/1839","targetHints":{"allow":["GET"]}}],"collection":[{"href":"https:\/\/www.tacoandco.fr\/en\/wp-json\/wp\/v2\/pages"}],"about":[{"href":"https:\/\/www.tacoandco.fr\/en\/wp-json\/wp\/v2\/types\/page"}],"author":[{"embeddable":true,"href":"https:\/\/www.tacoandco.fr\/en\/wp-json\/wp\/v2\/users\/1"}],"replies":[{"embeddable":true,"href":"https:\/\/www.tacoandco.fr\/en\/wp-json\/wp\/v2\/comments?post=1839"}],"version-history":[{"count":133,"href":"https:\/\/www.tacoandco.fr\/en\/wp-json\/wp\/v2\/pages\/1839\/revisions"}],"predecessor-version":[{"id":9517,"href":"https:\/\/www.tacoandco.fr\/en\/wp-json\/wp\/v2\/pages\/1839\/revisions\/9517"}],"wp:attachment":[{"href":"https:\/\/www.tacoandco.fr\/en\/wp-json\/wp\/v2\/media?parent=1839"}],"curies":[{"name":"wp","href":"https:\/\/api.w.org\/{rel}","templated":true}]}}