{"id":3941,"date":"2017-11-17T11:05:53","date_gmt":"2017-11-17T10:05:53","guid":{"rendered":"http:\/\/www.tacoandco.fr\/04_liens-utiles-copy\/"},"modified":"2024-05-21T14:22:48","modified_gmt":"2024-05-21T12:22:48","slug":"actus","status":"publish","type":"page","link":"https:\/\/www.tacoandco.fr\/en\/actus\/","title":{"rendered":"Actualit\u00e9s"},"content":{"rendered":"<div data-elementor-type=\"wp-post\" data-elementor-id=\"3941\" class=\"elementor elementor-3941\" data-elementor-post-type=\"page\">\n\t\t\t\t\t\t<section class=\"elementor-section elementor-top-section elementor-element elementor-element-8a46f18 elementor-section-boxed elementor-section-height-default elementor-section-height-default\" data-id=\"8a46f18\" data-element_type=\"section\">\n\t\t\t\t\t\t<div class=\"elementor-container elementor-column-gap-default\">\n\t\t\t\t\t<div class=\"elementor-column elementor-col-100 elementor-top-column elementor-element elementor-element-027f435\" data-id=\"027f435\" data-element_type=\"column\">\n\t\t\t<div class=\"elementor-widget-wrap elementor-element-populated\">\n\t\t\t\t\t\t<div class=\"elementor-element elementor-element-678e49bd animated-slow elementor-invisible elementor-widget elementor-widget-heading\" data-id=\"678e49bd\" data-element_type=\"widget\" data-settings=\"{&quot;_animation&quot;:&quot;fadeIn&quot;}\" data-widget_type=\"heading.default\">\n\t\t\t\t<div class=\"elementor-widget-container\">\n\t\t\t\t\t<h2 class=\"elementor-heading-title elementor-size-default\">Actualit\u00e9s<\/h2>\t\t\t\t<\/div>\n\t\t\t\t<\/div>\n\t\t\t\t\t<\/div>\n\t\t<\/div>\n\t\t\t\t\t<\/div>\n\t\t<\/section>\n\t\t\t\t<section class=\"elementor-section elementor-top-section elementor-element elementor-element-738a3652 elementor-section-boxed elementor-section-height-default elementor-section-height-default\" data-id=\"738a3652\" data-element_type=\"section\" data-settings=\"{&quot;background_background&quot;:&quot;classic&quot;}\">\n\t\t\t\t\t\t<div class=\"elementor-container elementor-column-gap-default\">\n\t\t\t\t\t<div class=\"elementor-column elementor-col-100 elementor-top-column elementor-element elementor-element-978bec5\" data-id=\"978bec5\" data-element_type=\"column\">\n\t\t\t<div class=\"elementor-widget-wrap elementor-element-populated\">\n\t\t\t\t\t\t<div class=\"elementor-element elementor-element-50fa20b3 elementor-grid-1 avenir elementor-grid-tablet-2 elementor-grid-mobile-1 elementor-posts--thumbnail-top elementor-card-shadow-yes elementor-posts__hover-gradient elementor-widget elementor-widget-posts\" data-id=\"50fa20b3\" data-element_type=\"widget\" data-settings=\"{&quot;cards_columns&quot;:&quot;1&quot;,&quot;cards_row_gap&quot;:{&quot;unit&quot;:&quot;px&quot;,&quot;size&quot;:39,&quot;sizes&quot;:[]},&quot;cards_columns_tablet&quot;:&quot;2&quot;,&quot;cards_columns_mobile&quot;:&quot;1&quot;,&quot;cards_row_gap_tablet&quot;:{&quot;unit&quot;:&quot;px&quot;,&quot;size&quot;:&quot;&quot;,&quot;sizes&quot;:[]},&quot;cards_row_gap_mobile&quot;:{&quot;unit&quot;:&quot;px&quot;,&quot;size&quot;:&quot;&quot;,&quot;sizes&quot;:[]}}\" data-widget_type=\"posts.cards\">\n\t\t\t\t<div class=\"elementor-widget-container\">\n\t\t\t\t\t\t\t<div class=\"elementor-posts-container elementor-posts elementor-posts--skin-cards elementor-grid\" role=\"list\">\n\t\t\t\t<article class=\"elementor-post elementor-grid-item post-9545 post type-post status-publish format-standard has-post-thumbnail hentry category-actualites entry has-media\" role=\"listitem\">\n\t\t\t<div class=\"elementor-post__card\">\n\t\t\t\t<a class=\"elementor-post__thumbnail__link\" href=\"https:\/\/www.tacoandco.fr\/en\/blog\/2026\/04\/24\/le-musee-de-la-mode-et-du-costume-a-arles-presente-sa-nouvelle-exposition-amazones-cavalieres-et-icones-de-mode\/\" tabindex=\"-1\" ><div class=\"elementor-post__thumbnail\"><img fetchpriority=\"high\" decoding=\"async\" width=\"1536\" height=\"692\" src=\"https:\/\/www.tacoandco.fr\/wp-content\/uploads\/2026\/04\/Amazones-Fragonard-mai-26-paysage-1536x692.jpg\" class=\"attachment-1536x1536 size-1536x1536 wp-image-9549\" alt=\"\" srcset=\"https:\/\/www.tacoandco.fr\/wp-content\/uploads\/2026\/04\/Amazones-Fragonard-mai-26-paysage-1536x692.jpg 1536w, https:\/\/www.tacoandco.fr\/wp-content\/uploads\/2026\/04\/Amazones-Fragonard-mai-26-paysage-300x135.jpg 300w, https:\/\/www.tacoandco.fr\/wp-content\/uploads\/2026\/04\/Amazones-Fragonard-mai-26-paysage-1024x461.jpg 1024w, https:\/\/www.tacoandco.fr\/wp-content\/uploads\/2026\/04\/Amazones-Fragonard-mai-26-paysage-768x346.jpg 768w, https:\/\/www.tacoandco.fr\/wp-content\/uploads\/2026\/04\/Amazones-Fragonard-mai-26-paysage-18x8.jpg 18w, https:\/\/www.tacoandco.fr\/wp-content\/uploads\/2026\/04\/Amazones-Fragonard-mai-26-paysage.jpg 1600w\" sizes=\"(max-width: 1536px) 100vw, 1536px\" \/><\/div><\/a>\n\t\t\t\t<div class=\"elementor-post__text\">\n\t\t\t\t<h3 class=\"elementor-post__title\">\n\t\t\t<a href=\"https:\/\/www.tacoandco.fr\/en\/blog\/2026\/04\/24\/le-musee-de-la-mode-et-du-costume-a-arles-presente-sa-nouvelle-exposition-amazones-cavalieres-et-icones-de-mode\/\" >\n\t\t\t\tLe mus\u00e9e de la Mode et du Costume, \u00e0 Arles, pr\u00e9sente sa nouvelle exposition \u00ab\u00a0Amazones ! Cavali\u00e8res et ic\u00f4nes de mode\u00a0\u00bb\t\t\t<\/a>\n\t\t<\/h3>\n\t\t\n\t\t<a class=\"elementor-post__read-more\" href=\"https:\/\/www.tacoandco.fr\/en\/blog\/2026\/04\/24\/le-musee-de-la-mode-et-du-costume-a-arles-presente-sa-nouvelle-exposition-amazones-cavalieres-et-icones-de-mode\/\" aria-label=\"Read more about Le mus\u00e9e de la Mode et du Costume, \u00e0 Arles, pr\u00e9sente sa nouvelle exposition \u00ab\u00a0Amazones ! Cavali\u00e8res et ic\u00f4nes de mode\u00a0\u00bb\" tabindex=\"-1\" >\n\t\t\tLire plus \u00bb\t\t<\/a>\n\n\t\t\t\t<\/div>\n\t\t\t\t\t<\/div>\n\t\t<\/article>\n\t\t\t\t<\/div>\n\t\t\n\t\t\t\t\t\t<\/div>\n\t\t\t\t<\/div>\n\t\t\t\t<div class=\"elementor-element elementor-element-2048403 elementor-grid-4 avenir elementor-posts--thumbnail-none elementor-grid-tablet-2 elementor-grid-mobile-1 elementor-card-shadow-yes elementor-posts__hover-gradient elementor-widget elementor-widget-posts\" data-id=\"2048403\" data-element_type=\"widget\" data-settings=\"{&quot;cards_columns&quot;:&quot;4&quot;,&quot;cards_row_gap&quot;:{&quot;unit&quot;:&quot;px&quot;,&quot;size&quot;:47,&quot;sizes&quot;:[]},&quot;pagination_type&quot;:&quot;prev_next&quot;,&quot;cards_columns_tablet&quot;:&quot;2&quot;,&quot;cards_columns_mobile&quot;:&quot;1&quot;,&quot;cards_row_gap_tablet&quot;:{&quot;unit&quot;:&quot;px&quot;,&quot;size&quot;:&quot;&quot;,&quot;sizes&quot;:[]},&quot;cards_row_gap_mobile&quot;:{&quot;unit&quot;:&quot;px&quot;,&quot;size&quot;:&quot;&quot;,&quot;sizes&quot;:[]}}\" data-widget_type=\"posts.cards\">\n\t\t\t\t<div class=\"elementor-widget-container\">\n\t\t\t\t\t\t\t<div class=\"elementor-posts-container elementor-posts elementor-posts--skin-cards elementor-grid\" role=\"list\">\n\t\t\t\t<article class=\"elementor-post elementor-grid-item post-9539 post type-post status-publish format-standard has-post-thumbnail hentry category-actualites entry has-media\" role=\"listitem\">\n\t\t\t<div class=\"elementor-post__card\">\n\t\t\t\t<div class=\"elementor-post__text\">\n\t\t\t\t<h3 class=\"elementor-post__title\">\n\t\t\t<a href=\"https:\/\/www.tacoandco.fr\/en\/blog\/2026\/04\/24\/luma-arles-nouvelles-expositions-a-partir-du-1er-mai-2026\/\" >\n\t\t\t\tLuma Arles: Nouvelles expositions \u00e0 partir du 1er mai 2026\t\t\t<\/a>\n\t\t<\/h3>\n\t\t\n\t\t<a class=\"elementor-post__read-more\" href=\"https:\/\/www.tacoandco.fr\/en\/blog\/2026\/04\/24\/luma-arles-nouvelles-expositions-a-partir-du-1er-mai-2026\/\" aria-label=\"Read more about Luma Arles: Nouvelles expositions \u00e0 partir du 1er mai 2026\" tabindex=\"-1\" >\n\t\t\tLire plus \u00bb\t\t<\/a>\n\n\t\t\t\t<\/div>\n\t\t\t\t\t<\/div>\n\t\t<\/article>\n\t\t\t\t<article class=\"elementor-post elementor-grid-item post-9456 post type-post status-publish format-standard has-post-thumbnail hentry category-actualites entry has-media\" role=\"listitem\">\n\t\t\t<div class=\"elementor-post__card\">\n\t\t\t\t<div class=\"elementor-post__text\">\n\t\t\t\t<h3 class=\"elementor-post__title\">\n\t\t\t<a href=\"https:\/\/www.tacoandco.fr\/en\/blog\/2026\/04\/07\/le-musee-departemental-arles-antique-presente-lexposition-le-passage-de-venus-du-24-avril-au-31-octobre-2026\/\" >\n\t\t\t\tLe Mus\u00e9e D\u00e9partemental Arles Antique pr\u00e9sente l&rsquo;exposition \u00ab\u00a0Le passage de V\u00e9nus\u00a0\u00bb du 24 avril au 31 octobre 2026\t\t\t<\/a>\n\t\t<\/h3>\n\t\t\n\t\t<a class=\"elementor-post__read-more\" href=\"https:\/\/www.tacoandco.fr\/en\/blog\/2026\/04\/07\/le-musee-departemental-arles-antique-presente-lexposition-le-passage-de-venus-du-24-avril-au-31-octobre-2026\/\" aria-label=\"Read more about Le Mus\u00e9e D\u00e9partemental Arles Antique pr\u00e9sente l&rsquo;exposition \u00ab\u00a0Le passage de V\u00e9nus\u00a0\u00bb du 24 avril au 31 octobre 2026\" tabindex=\"-1\" >\n\t\t\tLire plus \u00bb\t\t<\/a>\n\n\t\t\t\t<\/div>\n\t\t\t\t\t<\/div>\n\t\t<\/article>\n\t\t\t\t<article class=\"elementor-post elementor-grid-item post-9467 post type-post status-publish format-standard has-post-thumbnail hentry category-actualites entry has-media\" role=\"listitem\">\n\t\t\t<div class=\"elementor-post__card\">\n\t\t\t\t<div class=\"elementor-post__text\">\n\t\t\t\t<h3 class=\"elementor-post__title\">\n\t\t\t<a href=\"https:\/\/www.tacoandco.fr\/en\/blog\/2026\/04\/07\/exposition-ecarter-les-nuages-de-marc-dubrule-galerie-space-between-a-arles\/\" >\n\t\t\t\tExposition \u00ab\u00a0Ecarter les nuages\u00a0\u00bb de Marc Dubrule &#8211; Galerie Space Between, \u00e0 Arles\t\t\t<\/a>\n\t\t<\/h3>\n\t\t\n\t\t<a class=\"elementor-post__read-more\" href=\"https:\/\/www.tacoandco.fr\/en\/blog\/2026\/04\/07\/exposition-ecarter-les-nuages-de-marc-dubrule-galerie-space-between-a-arles\/\" aria-label=\"Read more about Exposition \u00ab\u00a0Ecarter les nuages\u00a0\u00bb de Marc Dubrule &#8211; Galerie Space Between, \u00e0 Arles\" tabindex=\"-1\" >\n\t\t\tLire plus \u00bb\t\t<\/a>\n\n\t\t\t\t<\/div>\n\t\t\t\t\t<\/div>\n\t\t<\/article>\n\t\t\t\t<article class=\"elementor-post elementor-grid-item post-9519 post type-post status-publish format-standard has-post-thumbnail hentry category-actualites entry has-media\" role=\"listitem\">\n\t\t\t<div class=\"elementor-post__card\">\n\t\t\t\t<div class=\"elementor-post__text\">\n\t\t\t\t<h3 class=\"elementor-post__title\">\n\t\t\t<a href=\"https:\/\/www.tacoandco.fr\/en\/blog\/2026\/03\/31\/intervalles-lucides-cinema-et-discussions-3-4-avril-2026\/\" >\n\t\t\t\tIntervalles Lucides &#8211; Cin\u00e9ma et discussions &#8211; 3 &amp; 4 avril 2026\t\t\t<\/a>\n\t\t<\/h3>\n\t\t\n\t\t<a class=\"elementor-post__read-more\" href=\"https:\/\/www.tacoandco.fr\/en\/blog\/2026\/03\/31\/intervalles-lucides-cinema-et-discussions-3-4-avril-2026\/\" aria-label=\"Read more about Intervalles Lucides &#8211; Cin\u00e9ma et discussions &#8211; 3 &amp; 4 avril 2026\" tabindex=\"-1\" >\n\t\t\tLire plus \u00bb\t\t<\/a>\n\n\t\t\t\t<\/div>\n\t\t\t\t\t<\/div>\n\t\t<\/article>\n\t\t\t\t<article class=\"elementor-post elementor-grid-item post-9459 post type-post status-publish format-standard hentry category-actualites entry\" role=\"listitem\">\n\t\t\t<div class=\"elementor-post__card\">\n\t\t\t\t<div class=\"elementor-post__text\">\n\t\t\t\t<h3 class=\"elementor-post__title\">\n\t\t\t<a href=\"https:\/\/www.tacoandco.fr\/en\/blog\/2026\/03\/30\/festival-du-dessin-2026\/\" >\n\t\t\t\tFestival du Dessin 2026\t\t\t<\/a>\n\t\t<\/h3>\n\t\t\n\t\t<a class=\"elementor-post__read-more\" href=\"https:\/\/www.tacoandco.fr\/en\/blog\/2026\/03\/30\/festival-du-dessin-2026\/\" aria-label=\"Read more about Festival du Dessin 2026\" tabindex=\"-1\" >\n\t\t\tLire plus \u00bb\t\t<\/a>\n\n\t\t\t\t<\/div>\n\t\t\t\t\t<\/div>\n\t\t<\/article>\n\t\t\t\t<article class=\"elementor-post elementor-grid-item post-9451 post type-post status-publish format-standard hentry category-actualites entry\" role=\"listitem\">\n\t\t\t<div class=\"elementor-post__card\">\n\t\t\t\t<div class=\"elementor-post__text\">\n\t\t\t\t<h3 class=\"elementor-post__title\">\n\t\t\t<a href=\"https:\/\/www.tacoandco.fr\/en\/blog\/2026\/03\/06\/costumes-de-lumiere-musee-de-la-mode-du-costume-arles\/\" >\n\t\t\t\tCostumes de lumi\u00e8re &#8211; mus\u00e9e de la mode &amp; du costume, Arles\t\t\t<\/a>\n\t\t<\/h3>\n\t\t\n\t\t<a class=\"elementor-post__read-more\" href=\"https:\/\/www.tacoandco.fr\/en\/blog\/2026\/03\/06\/costumes-de-lumiere-musee-de-la-mode-du-costume-arles\/\" aria-label=\"Read more about Costumes de lumi\u00e8re &#8211; mus\u00e9e de la mode &amp; du costume, Arles\" tabindex=\"-1\" >\n\t\t\tLire plus \u00bb\t\t<\/a>\n\n\t\t\t\t<\/div>\n\t\t\t\t\t<\/div>\n\t\t<\/article>\n\t\t\t\t<article class=\"elementor-post elementor-grid-item post-9445 post type-post status-publish format-standard has-post-thumbnail hentry category-actualites entry has-media\" role=\"listitem\">\n\t\t\t<div class=\"elementor-post__card\">\n\t\t\t\t<div class=\"elementor-post__text\">\n\t\t\t\t<h3 class=\"elementor-post__title\">\n\t\t\t<a href=\"https:\/\/www.tacoandco.fr\/en\/blog\/2026\/02\/24\/la-galerie-cyrille-putman-presente-sa-nouvelle-expo-2\/\" >\n\t\t\t\tLa Galerie Cyrille Putman pr\u00e9sente l&rsquo;exposition \u00ab\u00a0Cartographie Intime\u00a0\u00bb du 16 avril au 20 juin 2026\t\t\t<\/a>\n\t\t<\/h3>\n\t\t\n\t\t<a class=\"elementor-post__read-more\" href=\"https:\/\/www.tacoandco.fr\/en\/blog\/2026\/02\/24\/la-galerie-cyrille-putman-presente-sa-nouvelle-expo-2\/\" aria-label=\"Read more about La Galerie Cyrille Putman pr\u00e9sente l&rsquo;exposition \u00ab\u00a0Cartographie Intime\u00a0\u00bb du 16 avril au 20 juin 2026\" tabindex=\"-1\" >\n\t\t\tLire plus \u00bb\t\t<\/a>\n\n\t\t\t\t<\/div>\n\t\t\t\t\t<\/div>\n\t\t<\/article>\n\t\t\t\t<article class=\"elementor-post elementor-grid-item post-9441 post type-post status-publish format-standard has-post-thumbnail hentry category-actualites entry has-media\" role=\"listitem\">\n\t\t\t<div class=\"elementor-post__card\">\n\t\t\t\t<div class=\"elementor-post__text\">\n\t\t\t\t<h3 class=\"elementor-post__title\">\n\t\t\t<a href=\"https:\/\/www.tacoandco.fr\/en\/blog\/2026\/02\/24\/intervalles-lucides-cinema-et-discussions-6-7-mars-2026\/\" >\n\t\t\t\tIntervalles Lucides &#8211; Cin\u00e9ma et discussions &#8211; 6 &amp; 7 mars 2026\t\t\t<\/a>\n\t\t<\/h3>\n\t\t\n\t\t<a class=\"elementor-post__read-more\" href=\"https:\/\/www.tacoandco.fr\/en\/blog\/2026\/02\/24\/intervalles-lucides-cinema-et-discussions-6-7-mars-2026\/\" aria-label=\"Read more about Intervalles Lucides &#8211; Cin\u00e9ma et discussions &#8211; 6 &amp; 7 mars 2026\" tabindex=\"-1\" >\n\t\t\tLire plus \u00bb\t\t<\/a>\n\n\t\t\t\t<\/div>\n\t\t\t\t\t<\/div>\n\t\t<\/article>\n\t\t\t\t<article class=\"elementor-post elementor-grid-item post-9424 post type-post status-publish format-standard hentry category-actualites entry\" role=\"listitem\">\n\t\t\t<div class=\"elementor-post__card\">\n\t\t\t\t<div class=\"elementor-post__text\">\n\t\t\t\t<h3 class=\"elementor-post__title\">\n\t\t\t<a href=\"https:\/\/www.tacoandco.fr\/en\/blog\/2026\/02\/06\/les-suds-en-hiver-territoire-du-pays-darles-fevrier-2026\/\" >\n\t\t\t\tLes Suds en hiver, territoire du Pays d&rsquo;Arles, f\u00e9vrier 2026\t\t\t<\/a>\n\t\t<\/h3>\n\t\t\n\t\t<a class=\"elementor-post__read-more\" href=\"https:\/\/www.tacoandco.fr\/en\/blog\/2026\/02\/06\/les-suds-en-hiver-territoire-du-pays-darles-fevrier-2026\/\" aria-label=\"Read more about Les Suds en hiver, territoire du Pays d&rsquo;Arles, f\u00e9vrier 2026\" tabindex=\"-1\" >\n\t\t\tLire plus \u00bb\t\t<\/a>\n\n\t\t\t\t<\/div>\n\t\t\t\t\t<\/div>\n\t\t<\/article>\n\t\t\t\t<article class=\"elementor-post elementor-grid-item post-9428 post type-post status-publish format-standard hentry category-actualites entry\" role=\"listitem\">\n\t\t\t<div class=\"elementor-post__card\">\n\t\t\t\t<div class=\"elementor-post__text\">\n\t\t\t\t<h3 class=\"elementor-post__title\">\n\t\t\t<a href=\"https:\/\/www.tacoandco.fr\/en\/blog\/2026\/02\/06\/fashion-fripe-fashion-freaks-du-13-02-au-1-03-2026\/\" >\n\t\t\t\tFashion Fripe \/ Fashion Freaks du 13\/02 au 1\/03\/2026\t\t\t<\/a>\n\t\t<\/h3>\n\t\t\n\t\t<a class=\"elementor-post__read-more\" href=\"https:\/\/www.tacoandco.fr\/en\/blog\/2026\/02\/06\/fashion-fripe-fashion-freaks-du-13-02-au-1-03-2026\/\" aria-label=\"Read more about Fashion Fripe \/ Fashion Freaks du 13\/02 au 1\/03\/2026\" tabindex=\"-1\" >\n\t\t\tLire plus \u00bb\t\t<\/a>\n\n\t\t\t\t<\/div>\n\t\t\t\t\t<\/div>\n\t\t<\/article>\n\t\t\t\t<article class=\"elementor-post elementor-grid-item post-9406 post type-post status-publish format-standard hentry category-actualites entry\" role=\"listitem\">\n\t\t\t<div class=\"elementor-post__card\">\n\t\t\t\t<div class=\"elementor-post__text\">\n\t\t\t\t<h3 class=\"elementor-post__title\">\n\t\t\t<a href=\"https:\/\/www.tacoandco.fr\/en\/blog\/2025\/12\/19\/luma-arles-exposition-david-armstrong\/\" >\n\t\t\t\tLuma Arles: exposition David Armstrong\t\t\t<\/a>\n\t\t<\/h3>\n\t\t\n\t\t<a class=\"elementor-post__read-more\" href=\"https:\/\/www.tacoandco.fr\/en\/blog\/2025\/12\/19\/luma-arles-exposition-david-armstrong\/\" aria-label=\"Read more about Luma Arles: exposition David Armstrong\" tabindex=\"-1\" >\n\t\t\tLire plus \u00bb\t\t<\/a>\n\n\t\t\t\t<\/div>\n\t\t\t\t\t<\/div>\n\t\t<\/article>\n\t\t\t\t<article class=\"elementor-post elementor-grid-item post-9402 post type-post status-publish format-standard has-post-thumbnail hentry category-actualites entry has-media\" role=\"listitem\">\n\t\t\t<div class=\"elementor-post__card\">\n\t\t\t\t<div class=\"elementor-post__text\">\n\t\t\t\t<h3 class=\"elementor-post__title\">\n\t\t\t<a href=\"https:\/\/www.tacoandco.fr\/en\/blog\/2025\/12\/19\/cyrille-putman-a-la-librairie-actes-suds-le-18-12-25\/\" >\n\t\t\t\tCyrille Putman \u00e0 la librairie Actes Suds le 18\/12\/25\t\t\t<\/a>\n\t\t<\/h3>\n\t\t\n\t\t<a class=\"elementor-post__read-more\" href=\"https:\/\/www.tacoandco.fr\/en\/blog\/2025\/12\/19\/cyrille-putman-a-la-librairie-actes-suds-le-18-12-25\/\" aria-label=\"Read more about Cyrille Putman \u00e0 la librairie Actes Suds le 18\/12\/25\" tabindex=\"-1\" >\n\t\t\tLire plus \u00bb\t\t<\/a>\n\n\t\t\t\t<\/div>\n\t\t\t\t\t<\/div>\n\t\t<\/article>\n\t\t\t\t<\/div>\n\t\t\n\t\t\t\t<div class=\"e-load-more-anchor\" data-page=\"1\" data-max-page=\"69\" data-next-page=\"https:\/\/www.tacoandco.fr\/en\/wp-json\/wp\/v2\/pages\/3941\/page\/2\/\"><\/div>\n\t\t\t\t<nav class=\"elementor-pagination\" aria-label=\"Pagination\">\n\t\t\t<span class=\"page-numbers prev\">&laquo; Pr\u00e9c\u00e9dent<\/span>\n<a class=\"page-numbers next\" href=\"https:\/\/www.tacoandco.fr\/en\/wp-json\/wp\/v2\/pages\/3941\/page\/2\/\">Suivant &raquo;<\/a>\t\t<\/nav>\n\t\t\t\t\t\t<\/div>\n\t\t\t\t<\/div>\n\t\t\t\t<div class=\"elementor-element elementor-element-094b162 animated-slow elementor-invisible elementor-widget elementor-widget-heading\" data-id=\"094b162\" data-element_type=\"widget\" data-settings=\"{&quot;_animation&quot;:&quot;fadeIn&quot;}\" data-widget_type=\"heading.default\">\n\t\t\t\t<div class=\"elementor-widget-container\">\n\t\t\t\t\t<h2 class=\"elementor-heading-title elementor-size-default\">Nos actus facebook<\/h2>\t\t\t\t<\/div>\n\t\t\t\t<\/div>\n\t\t\t\t<div class=\"elementor-element elementor-element-ca1f499 elementor-widget elementor-widget-shortcode\" data-id=\"ca1f499\" data-element_type=\"widget\" data-widget_type=\"shortcode.default\">\n\t\t\t\t<div class=\"elementor-widget-container\">\n\t\t\t\t\t\t\t<div class=\"elementor-shortcode\">[custom-facebook-feed]<\/div>\n\t\t\t\t\t\t<\/div>\n\t\t\t\t<\/div>\n\t\t\t\t\t<\/div>\n\t\t<\/div>\n\t\t\t\t\t<\/div>\n\t\t<\/section>\n\t\t\t\t<\/div>","protected":false},"excerpt":{"rendered":"<p>Actualit\u00e9s Nos actus facebook [custom-facebook-feed]<\/p>","protected":false},"author":1,"featured_media":0,"parent":0,"menu_order":0,"comment_status":"open","ping_status":"closed","template":"elementor_header_footer","meta":{"footnotes":""},"class_list":["post-3941","page","type-page","status-publish","hentry","entry","has-media"],"aioseo_notices":[],"_links":{"self":[{"href":"https:\/\/www.tacoandco.fr\/en\/wp-json\/wp\/v2\/pages\/3941","targetHints":{"allow":["GET"]}}],"collection":[{"href":"https:\/\/www.tacoandco.fr\/en\/wp-json\/wp\/v2\/pages"}],"about":[{"href":"https:\/\/www.tacoandco.fr\/en\/wp-json\/wp\/v2\/types\/page"}],"author":[{"embeddable":true,"href":"https:\/\/www.tacoandco.fr\/en\/wp-json\/wp\/v2\/users\/1"}],"replies":[{"embeddable":true,"href":"https:\/\/www.tacoandco.fr\/en\/wp-json\/wp\/v2\/comments?post=3941"}],"version-history":[{"count":58,"href":"https:\/\/www.tacoandco.fr\/en\/wp-json\/wp\/v2\/pages\/3941\/revisions"}],"predecessor-version":[{"id":8675,"href":"https:\/\/www.tacoandco.fr\/en\/wp-json\/wp\/v2\/pages\/3941\/revisions\/8675"}],"wp:attachment":[{"href":"https:\/\/www.tacoandco.fr\/en\/wp-json\/wp\/v2\/media?parent=3941"}],"curies":[{"name":"wp","href":"https:\/\/api.w.org\/{rel}","templated":true}]}}