{"id":42,"date":"2010-02-26T08:42:50","date_gmt":"2010-02-26T07:42:50","guid":{"rendered":"http:\/\/www.tacoandco.fr\/?page_id=42"},"modified":"2017-11-20T15:38:44","modified_gmt":"2017-11-20T14:38:44","slug":"mariag-arles","status":"publish","type":"page","link":"https:\/\/www.tacoandco.fr\/en\/mariag-arles\/","title":{"rendered":"Mariage original \u00e0 Arles avec le v\u00e9lo-taco"},"content":{"rendered":"<p style=\"text-align: justify\">Votre mariage original \u00e0 Arles avec Taco and Co!!!,<\/p>\n<p style=\"text-align: justify\">Oubliez la voiture pour vous rendre \u00e0 la c\u00e9r\u00e9monie, c&rsquo;est le v\u00e9lo-taco qu&rsquo;il vous faut!!<\/p>\n<p style=\"text-align: justify\">Plusieurs options s&rsquo;offrent \u00e0 vous:<\/p>\n<p style=\"text-align: justify\">-Transport of the bride and groom and \/ or guests.<\/p>\n<p style=\"text-align: justify\">-Floral decoration and \/ or display on bicycle.<\/p>\n<p style=\"text-align: justify\">En partenariat avec Pixels Events nous pouvons \u00e9galement prendre en charge la s\u00e9ance photos \u00a0des jeunes mari\u00e9s dans Arles ou lors de la r\u00e9ception.<\/p>\n<p style=\"text-align: justify\">N&rsquo;h\u00e9sitez pas \u00e0 nous contacter si vous souhaitez un devis ou des informationx.<\/p>\n<figure id=\"attachment_1462\" aria-describedby=\"caption-attachment-1462\" style=\"width: 300px\" class=\"wp-caption aligncenter\"><a href=\"http:\/\/www.tacoandco.fr\/wp-content\/uploads\/2010\/02\/cesthi_1719-Copier1.jpg\"><img fetchpriority=\"high\" decoding=\"async\" class=\"size-medium wp-image-1462\" alt=\"Mariage original Arles\" src=\"http:\/\/www.tacoandco.fr\/wp-content\/uploads\/2010\/02\/cesthi_1719-Copier1-300x199.jpg\" width=\"300\" height=\"199\" srcset=\"https:\/\/www.tacoandco.fr\/wp-content\/uploads\/2010\/02\/cesthi_1719-Copier1-300x199.jpg 300w, https:\/\/www.tacoandco.fr\/wp-content\/uploads\/2010\/02\/cesthi_1719-Copier1.jpg 800w\" sizes=\"(max-width: 300px) 100vw, 300px\" \/><\/a><figcaption id=\"caption-attachment-1462\" class=\"wp-caption-text\">Mariage original Arles<\/figcaption><\/figure>\n<figure id=\"attachment_1463\" aria-describedby=\"caption-attachment-1463\" style=\"width: 300px\" class=\"wp-caption aligncenter\"><a href=\"http:\/\/www.tacoandco.fr\/wp-content\/uploads\/2010\/02\/cesthi_1716-Copier1.jpg\"><img decoding=\"async\" class=\"size-medium wp-image-1463\" alt=\"Affiche mariage \u00e0 Arles: F\u00e9licitations \u00e0 C\u00e9cile et Thierry!!!\" src=\"http:\/\/www.tacoandco.fr\/wp-content\/uploads\/2010\/02\/cesthi_1716-Copier1-300x199.jpg\" width=\"300\" height=\"199\" srcset=\"https:\/\/www.tacoandco.fr\/wp-content\/uploads\/2010\/02\/cesthi_1716-Copier1-300x199.jpg 300w, https:\/\/www.tacoandco.fr\/wp-content\/uploads\/2010\/02\/cesthi_1716-Copier1.jpg 800w\" sizes=\"(max-width: 300px) 100vw, 300px\" \/><\/a><figcaption id=\"caption-attachment-1463\" class=\"wp-caption-text\">Affiche mariage \u00e0 Arles: F\u00e9licitations \u00e0 C\u00e9cile et Thierry!!!<\/figcaption><\/figure>\n<figure id=\"attachment_1464\" aria-describedby=\"caption-attachment-1464\" style=\"width: 300px\" class=\"wp-caption aligncenter\"><a href=\"http:\/\/www.tacoandco.fr\/wp-content\/uploads\/2010\/02\/L1080484-Copier.jpg\"><img decoding=\"async\" class=\"size-medium wp-image-1464\" alt=\"D\u00e9coration florale pour mariage \u00e0 Fontvieille.\" src=\"http:\/\/www.tacoandco.fr\/wp-content\/uploads\/2010\/02\/L1080484-Copier-300x200.jpg\" width=\"300\" height=\"200\" srcset=\"https:\/\/www.tacoandco.fr\/wp-content\/uploads\/2010\/02\/L1080484-Copier-300x200.jpg 300w, https:\/\/www.tacoandco.fr\/wp-content\/uploads\/2010\/02\/L1080484-Copier.jpg 800w\" sizes=\"(max-width: 300px) 100vw, 300px\" \/><\/a><figcaption id=\"caption-attachment-1464\" class=\"wp-caption-text\">D\u00e9coration florale pour mariage \u00e0 Fontvieille.<\/figcaption><\/figure>\n<p>&nbsp;<\/p>\n<figure id=\"attachment_1680\" aria-describedby=\"caption-attachment-1680\" style=\"width: 198px\" class=\"wp-caption aligncenter\"><a href=\"http:\/\/www.tacoandco.fr\/wp-content\/uploads\/2010\/02\/Eternal-Provence-85-Copier.jpg\"><img loading=\"lazy\" decoding=\"async\" class=\"size-medium wp-image-1680\" alt=\"Mariage en v\u00e9lo \u00e0 Arles\" src=\"http:\/\/www.tacoandco.fr\/wp-content\/uploads\/2010\/02\/Eternal-Provence-85-Copier-198x300.jpg\" width=\"198\" height=\"300\" srcset=\"https:\/\/www.tacoandco.fr\/wp-content\/uploads\/2010\/02\/Eternal-Provence-85-Copier-198x300.jpg 198w, https:\/\/www.tacoandco.fr\/wp-content\/uploads\/2010\/02\/Eternal-Provence-85-Copier.jpg 397w\" sizes=\"(max-width: 198px) 100vw, 198px\" \/><\/a><figcaption id=\"caption-attachment-1680\" class=\"wp-caption-text\">Mariage en v\u00e9lo \u00e0 Arles<\/figcaption><\/figure>\n<figure id=\"attachment_1681\" aria-describedby=\"caption-attachment-1681\" style=\"width: 198px\" class=\"wp-caption aligncenter\"><a href=\"http:\/\/www.tacoandco.fr\/wp-content\/uploads\/2010\/02\/Eternal-Provence-83-Copier.jpg\"><img loading=\"lazy\" decoding=\"async\" class=\"size-medium wp-image-1681\" alt=\"Mariage au &quot;Jules C\u00e9sar&quot; \u00e0 Arles\" src=\"http:\/\/www.tacoandco.fr\/wp-content\/uploads\/2010\/02\/Eternal-Provence-83-Copier-198x300.jpg\" width=\"198\" height=\"300\" srcset=\"https:\/\/www.tacoandco.fr\/wp-content\/uploads\/2010\/02\/Eternal-Provence-83-Copier-198x300.jpg 198w, https:\/\/www.tacoandco.fr\/wp-content\/uploads\/2010\/02\/Eternal-Provence-83-Copier.jpg 397w\" sizes=\"(max-width: 198px) 100vw, 198px\" \/><\/a><figcaption id=\"caption-attachment-1681\" class=\"wp-caption-text\">Mariage au \u00ab\u00a0Jules C\u00e9sar\u00a0\u00bb \u00e0 Arles<\/figcaption><\/figure>\n<p>&nbsp;<\/p>\n<figure id=\"attachment_1682\" aria-describedby=\"caption-attachment-1682\" style=\"width: 198px\" class=\"wp-caption aligncenter\"><a href=\"http:\/\/www.tacoandco.fr\/wp-content\/uploads\/2010\/02\/Eternal-Provence-90-Copier.jpg\"><img loading=\"lazy\" decoding=\"async\" class=\"size-medium wp-image-1682\" alt=\"D\u00e9placement facile lors de votre mariage\" src=\"http:\/\/www.tacoandco.fr\/wp-content\/uploads\/2010\/02\/Eternal-Provence-90-Copier-198x300.jpg\" width=\"198\" height=\"300\" srcset=\"https:\/\/www.tacoandco.fr\/wp-content\/uploads\/2010\/02\/Eternal-Provence-90-Copier-198x300.jpg 198w, https:\/\/www.tacoandco.fr\/wp-content\/uploads\/2010\/02\/Eternal-Provence-90-Copier.jpg 397w\" sizes=\"(max-width: 198px) 100vw, 198px\" \/><\/a><figcaption id=\"caption-attachment-1682\" class=\"wp-caption-text\">D\u00e9placement facile lors de votre mariage<\/figcaption><\/figure>\n<p><span style=\"text-align: justify\">R\u00e9servation\/Devis : <\/span><strong>06 50 29 6000 ou laissez nous un message ci-dessous:<\/strong><\/p>\n<p style=\"text-align: justify\"><strong><!--cforms name=\"Contact\"--><br \/>\n<\/strong><\/p>","protected":false},"excerpt":{"rendered":"<p>Votre mariage original \u00e0 Arles avec Taco and Co!!!, Oubliez la voiture pour vous rendre \u00e0 la c\u00e9r\u00e9monie, c&rsquo;est le v\u00e9lo-taco qu&rsquo;il vous faut!! Plusieurs options s&rsquo;offrent \u00e0 vous: -Transport des mari\u00e9s et\/ou des invit\u00e9s. -D\u00e9coration florale et\/ou affichage sur v\u00e9lo. En partenariat avec Pixels Events nous pouvons \u00e9galement prendre en charge la s\u00e9ance photos [&hellip;]<\/p>","protected":false},"author":1,"featured_media":0,"parent":0,"menu_order":2,"comment_status":"open","ping_status":"closed","template":"","meta":{"footnotes":""},"class_list":["post-42","page","type-page","status-publish","hentry","entry"],"aioseo_notices":[],"_links":{"self":[{"href":"https:\/\/www.tacoandco.fr\/en\/wp-json\/wp\/v2\/pages\/42","targetHints":{"allow":["GET"]}}],"collection":[{"href":"https:\/\/www.tacoandco.fr\/en\/wp-json\/wp\/v2\/pages"}],"about":[{"href":"https:\/\/www.tacoandco.fr\/en\/wp-json\/wp\/v2\/types\/page"}],"author":[{"embeddable":true,"href":"https:\/\/www.tacoandco.fr\/en\/wp-json\/wp\/v2\/users\/1"}],"replies":[{"embeddable":true,"href":"https:\/\/www.tacoandco.fr\/en\/wp-json\/wp\/v2\/comments?post=42"}],"version-history":[{"count":1,"href":"https:\/\/www.tacoandco.fr\/en\/wp-json\/wp\/v2\/pages\/42\/revisions"}],"predecessor-version":[{"id":2724,"href":"https:\/\/www.tacoandco.fr\/en\/wp-json\/wp\/v2\/pages\/42\/revisions\/2724"}],"wp:attachment":[{"href":"https:\/\/www.tacoandco.fr\/en\/wp-json\/wp\/v2\/media?parent=42"}],"curies":[{"name":"wp","href":"https:\/\/api.w.org\/{rel}","templated":true}]}}