{"id":44,"date":"2010-02-26T08:47:50","date_gmt":"2010-02-26T07:47:50","guid":{"rendered":"http:\/\/www.tacoandco.fr\/?page_id=44"},"modified":"2026-03-24T15:42:21","modified_gmt":"2026-03-24T14:42:21","slug":"tourisme-arles","status":"publish","type":"page","link":"https:\/\/www.tacoandco.fr\/en\/tourisme-arles\/","title":{"rendered":"Tourisme \u00e0 Arles avec Taco and Co"},"content":{"rendered":"<div data-elementor-type=\"wp-page\" data-elementor-id=\"44\" class=\"elementor elementor-44\" data-elementor-post-type=\"page\">\n\t\t\t\t\t\t<section class=\"elementor-section elementor-top-section elementor-element elementor-element-3ae4c1f elementor-section-boxed elementor-section-height-default elementor-section-height-default\" data-id=\"3ae4c1f\" data-element_type=\"section\">\n\t\t\t\t\t\t<div class=\"elementor-container elementor-column-gap-default\">\n\t\t\t\t\t<div class=\"elementor-column elementor-col-100 elementor-top-column elementor-element elementor-element-0e05d6e\" data-id=\"0e05d6e\" data-element_type=\"column\">\n\t\t\t<div class=\"elementor-widget-wrap elementor-element-populated\">\n\t\t\t\t\t\t<div class=\"elementor-element elementor-element-d258abc h1style elementor-invisible elementor-widget elementor-widget-heading\" data-id=\"d258abc\" data-element_type=\"widget\" data-settings=\"{&quot;_animation&quot;:&quot;fadeInUp&quot;}\" data-widget_type=\"heading.default\">\n\t\t\t\t<div class=\"elementor-widget-container\">\n\t\t\t\t\t<h2 class=\"elementor-heading-title elementor-size-default\">City tours<\/h2>\t\t\t\t<\/div>\n\t\t\t\t<\/div>\n\t\t\t\t<div class=\"elementor-element elementor-element-e81b0db elementor-widget elementor-widget-video\" data-id=\"e81b0db\" data-element_type=\"widget\" data-settings=\"{&quot;youtube_url&quot;:&quot;https:\\\/\\\/youtu.be\\\/MFO95qGzfgA&quot;,&quot;video_type&quot;:&quot;youtube&quot;,&quot;controls&quot;:&quot;yes&quot;}\" data-widget_type=\"video.default\">\n\t\t\t\t<div class=\"elementor-widget-container\">\n\t\t\t\t\t\t\t<div class=\"elementor-wrapper elementor-open-inline\">\n\t\t\t<div class=\"elementor-video\"><\/div>\t\t<\/div>\n\t\t\t\t\t\t<\/div>\n\t\t\t\t<\/div>\n\t\t\t\t<div class=\"elementor-element elementor-element-72fb97e elementor--h-position-center elementor--v-position-middle elementor-arrows-position-inside elementor-pagination-position-inside elementor-widget elementor-widget-slides\" data-id=\"72fb97e\" data-element_type=\"widget\" data-settings=\"{&quot;navigation&quot;:&quot;both&quot;,&quot;infinite&quot;:&quot;yes&quot;,&quot;transition&quot;:&quot;slide&quot;,&quot;transition_speed&quot;:500}\" data-widget_type=\"slides.default\">\n\t\t\t\t<div class=\"elementor-widget-container\">\n\t\t\t\t\t\t\t\t\t<div class=\"elementor-swiper\">\n\t\t\t\t\t<div class=\"elementor-slides-wrapper elementor-main-swiper swiper\" role=\"region\" aria-roledescription=\"carousel\" aria-label=\"Diapositives\" dir=\"ltr\" data-animation=\"\">\n\t\t\t\t<div class=\"swiper-wrapper elementor-slides\">\n\t\t\t\t\t\t\t\t\t\t<div class=\"elementor-repeater-item-7cf548c swiper-slide\" role=\"group\" aria-roledescription=\"slide\"><div class=\"swiper-slide-bg\" role=\"img\" aria-label=\"tour de ville 2\"><\/div><div class=\"swiper-slide-inner\" ><div class=\"swiper-slide-contents\"><\/div><\/div><\/div><div class=\"elementor-repeater-item-19038c0 swiper-slide\" role=\"group\" aria-roledescription=\"slide\"><div class=\"swiper-slide-bg\" role=\"img\" aria-label=\"tour de ville 4\"><\/div><div class=\"swiper-slide-inner\" ><div class=\"swiper-slide-contents\"><\/div><\/div><\/div><div class=\"elementor-repeater-item-aa054e0 swiper-slide\" role=\"group\" aria-roledescription=\"slide\"><div class=\"swiper-slide-bg\" role=\"img\" aria-label=\"tour de ville 5\"><\/div><div class=\"swiper-slide-inner\" ><div class=\"swiper-slide-contents\"><\/div><\/div><\/div>\t\t\t\t<\/div>\n\t\t\t\t\t\t\t\t\t\t\t\t\t\t\t<div class=\"elementor-swiper-button elementor-swiper-button-prev\" role=\"button\" tabindex=\"0\" aria-label=\"Previous slide\" data-no-translation-aria-label=\"\">\n\t\t\t\t\t\t\t<i aria-hidden=\"true\" class=\"eicon-chevron-left\"><\/i>\t\t\t\t\t\t<\/div>\n\t\t\t\t\t\t<div class=\"elementor-swiper-button elementor-swiper-button-next\" role=\"button\" tabindex=\"0\" aria-label=\"Next slide\" data-no-translation-aria-label=\"\">\n\t\t\t\t\t\t\t<i aria-hidden=\"true\" class=\"eicon-chevron-right\"><\/i>\t\t\t\t\t\t<\/div>\n\t\t\t\t\t\t\t\t\t\t\t\t\t\t\t\t<div class=\"swiper-pagination\"><\/div>\n\t\t\t\t\t\t\t\t\t\t\t\t<\/div>\n\t\t\t\t<\/div>\n\t\t\t\t\t\t\t\t<\/div>\n\t\t\t\t<\/div>\n\t\t\t\t\t<\/div>\n\t\t<\/div>\n\t\t\t\t\t<\/div>\n\t\t<\/section>\n\t\t\t\t<section class=\"elementor-section elementor-top-section elementor-element elementor-element-33742eac contentpage elementor-section-boxed elementor-section-height-default elementor-section-height-default\" data-id=\"33742eac\" data-element_type=\"section\">\n\t\t\t\t\t\t<div class=\"elementor-container elementor-column-gap-default\">\n\t\t\t\t\t<div class=\"elementor-column elementor-col-100 elementor-top-column elementor-element elementor-element-4eaddd82\" data-id=\"4eaddd82\" data-element_type=\"column\">\n\t\t\t<div class=\"elementor-widget-wrap elementor-element-populated\">\n\t\t\t\t\t\t<div class=\"elementor-element elementor-element-3bd9bc55 elementor-widget elementor-widget-text-editor\" data-id=\"3bd9bc55\" data-element_type=\"widget\" data-widget_type=\"text-editor.default\">\n\t\t\t\t<div class=\"elementor-widget-container\">\n\t\t\t\t\t\t\t\t\t<p><strong><span style=\"text-decoration: underline;\">Tourism in Arles:<\/span> <\/strong>If you want <a href=\"http:\/\/www.visiterarles.com\" target=\"_blank\" rel=\"noopener\"><strong>to visit Arles<\/strong><\/a> in an original and friendly way, Taco and Co offers you several options to discover Arles\u2019 historic center and its multiple sites.\n\nFor more information, please check our touristic website: <span style=\"text-decoration: underline;\"><strong><a href=\"http:\/\/visiterarles.com\" target=\"_blank\" rel=\"noopener\">visiterarles.com<\/a><\/strong><\/span> \u00a0:<\/p>\t\t\t\t\t\t\t\t<\/div>\n\t\t\t\t<\/div>\n\t\t\t\t<div class=\"elementor-element elementor-element-6613bb4 h2style elementor-widget elementor-widget-heading\" data-id=\"6613bb4\" data-element_type=\"widget\" data-widget_type=\"heading.default\">\n\t\t\t\t<div class=\"elementor-widget-container\">\n\t\t\t\t\t<h2 class=\"elementor-heading-title elementor-size-default\">Our city tours :<\/h2>\t\t\t\t<\/div>\n\t\t\t\t<\/div>\n\t\t\t\t<div class=\"elementor-element elementor-element-e7af180 elementor-widget elementor-widget-text-editor\" data-id=\"e7af180\" data-element_type=\"widget\" data-widget_type=\"text-editor.default\">\n\t\t\t\t<div class=\"elementor-widget-container\">\n\t\t\t\t\t\t\t\t\t<p dir=\"auto\"><strong>Tour \u00ab Centre Ancien \u00bb (30mn \/ 35 euros) :<\/strong> A stroll around the historic center, registered on the UNESCO world heritage, via the Antique Theatre, the Amphitheatre, Saint Trophime Church, Place du Forum and Van Gogh Foundation.<\/p><p dir=\"auto\"><strong>Tour \u00ab Arles de long en large \u00bb (45mn \/ 50 euros) :<\/strong> A guided tour through the historic center and its Roman monuments (the Amphitheatre and the Antique Theatre), its unmissable squares (Place de la R\u00e9publique and Place du Forum) and its popular and flowery district, La Roquette, former maritime district.<\/p><p dir=\"auto\"><strong>Tour \u00ab de Arles \u00e0 Van Gogh \u00bb (1h \/ 60 euros) :<\/strong> A complete tour to discover Arles, its Roman monuments (the Amphitheatre and the Antique Theatre), its mythic squares and its popular district (Place de la R\u00e9publique, Saint Trophime Church and La Roquette), not forgetting the city\u2019s influence on Vincent Van Gogh paintings.<\/p><p dir=\"auto\"><strong>Tour \u00ab Van Gogh \u00bb centre (1h \/ 60 euros) :<\/strong> The Dutch artist has painted numerous works in Arles. Let\u2019s go together in his footsteps and seek the viewpoints of his greatest paintings (The Night Cafe, The Starry Night, The Yellow House and others).<\/p><p><strong>Tour de ville depuis les bateaux de croisi\u00e8re<\/strong>:<strong>1h (60\u20ac)<\/strong>: Une balade compl\u00e8te au d\u00e9part des p\u00e9niches vous pr\u00e9sentant Arles, ses monuments romains (Ar\u00e8nes, Th\u00e9\u00e2tre Antique), ses places mythiques et son quartier populaire de la Roquette, sans oublier l&rsquo;influence de la ville dans les peintures de Van Gogh.<\/p><p><strong>Tour de ville depuis les bateaux de croisi\u00e8re: 2h (120\u20ac)<\/strong>: Afin de profiter pleinement de votre passage sur Arles, nous vous proposons une balade compl\u00e8te sur mesure et \u00e0 votre rythme, au d\u00e9part des p\u00e9niches, vous pr\u00e9sentant sa ville antique, ses monuments romains (Ar\u00e8nes, Th\u00e9\u00e2tre Antique) ainsi que ses places mythiques, tout en vous laissant fl\u00e2ner le long de ses rues commer\u00e7antes et ses terrasses.<\/p><p dir=\"auto\"><b>Tour \u00ab Taco and Co \u00bb\u00a0 (1h ou plus, \u00e0 partir de 60\u20ac) :<\/b> We offer customised tours according to your wishes. Discover the highlights of Arles in an unusual way (aperitif stroll, bachelor(ette) party, family stroll\u2026)<\/p><p dir=\"auto\"><b><u>Family option:<\/u><\/b>\u00a0fun observation game for children to play during the tour<\/p><p dir=\"auto\">Possibilit\u00e9 de prendre 2 adultes et 2 enfants de -de 8 ans ou 2 adultes et 1 enfant entre 8 et 12 ans.<\/p>\t\t\t\t\t\t\t\t<\/div>\n\t\t\t\t<\/div>\n\t\t\t\t\t<\/div>\n\t\t<\/div>\n\t\t\t\t\t<\/div>\n\t\t<\/section>\n\t\t\t\t<\/div>","protected":false},"excerpt":{"rendered":"<p>Tours de ville Tourisme \u00e0 Arles : Si vous voulez visiter la ville d&rsquo;Arles d\u2019une mani\u00e8re originale et conviviale, Taco&amp;co vous propose plusieurs formules pour d\u00e9couvrir Arles, son centre historique et ses diff\u00e9rents sites, pour plus d\u2019informations, nous vous invitons \u00e0 visiter notre site visiterarles.com \u00a0: Nos tours de ville : Tour \u00ab Centre Ancien [&hellip;]<\/p>","protected":false},"author":1,"featured_media":0,"parent":0,"menu_order":3,"comment_status":"open","ping_status":"closed","template":"elementor_header_footer","meta":{"footnotes":""},"class_list":["post-44","page","type-page","status-publish","hentry","entry"],"aioseo_notices":[],"_links":{"self":[{"href":"https:\/\/www.tacoandco.fr\/en\/wp-json\/wp\/v2\/pages\/44","targetHints":{"allow":["GET"]}}],"collection":[{"href":"https:\/\/www.tacoandco.fr\/en\/wp-json\/wp\/v2\/pages"}],"about":[{"href":"https:\/\/www.tacoandco.fr\/en\/wp-json\/wp\/v2\/types\/page"}],"author":[{"embeddable":true,"href":"https:\/\/www.tacoandco.fr\/en\/wp-json\/wp\/v2\/users\/1"}],"replies":[{"embeddable":true,"href":"https:\/\/www.tacoandco.fr\/en\/wp-json\/wp\/v2\/comments?post=44"}],"version-history":[{"count":119,"href":"https:\/\/www.tacoandco.fr\/en\/wp-json\/wp\/v2\/pages\/44\/revisions"}],"predecessor-version":[{"id":9512,"href":"https:\/\/www.tacoandco.fr\/en\/wp-json\/wp\/v2\/pages\/44\/revisions\/9512"}],"wp:attachment":[{"href":"https:\/\/www.tacoandco.fr\/en\/wp-json\/wp\/v2\/media?parent=44"}],"curies":[{"name":"wp","href":"https:\/\/api.w.org\/{rel}","templated":true}]}}